{"id":1105,"date":"2024-09-17T17:02:40","date_gmt":"2024-09-17T17:02:40","guid":{"rendered":"https:\/\/lemcenter.com\/blog\/"},"modified":"2024-10-24T12:25:10","modified_gmt":"2024-10-24T12:25:10","slug":"blog","status":"publish","type":"page","link":"https:\/\/lemcenter.com\/en\/blog\/","title":{"rendered":"Blog"},"content":{"rendered":"\t\t<div data-elementor-type=\"wp-page\" data-elementor-id=\"1105\" class=\"elementor elementor-1105 elementor-664\" data-elementor-post-type=\"page\">\n\t\t\t\t<div class=\"elementor-element elementor-element-f003899 e-con-full e-flex e-con e-parent\" data-id=\"f003899\" data-element_type=\"container\" data-settings=\"{&quot;background_background&quot;:&quot;classic&quot;}\">\n\t\t<div class=\"elementor-element elementor-element-e24f5b9 e-flex e-con-boxed e-con e-child\" data-id=\"e24f5b9\" data-element_type=\"container\">\n\t\t\t\t\t<div class=\"e-con-inner\">\n\t\t<div class=\"elementor-element elementor-element-bd37495 e-con-full e-flex e-con e-child\" data-id=\"bd37495\" data-element_type=\"container\">\n\t\t\t\t<div class=\"elementor-element elementor-element-4a4ae02 animated-slow elementor-invisible elementor-widget elementor-widget-jkit_heading\" data-id=\"4a4ae02\" data-element_type=\"widget\" data-settings=\"{&quot;_animation&quot;:&quot;fadeInUp&quot;}\" data-widget_type=\"jkit_heading.default\">\n\t\t\t\t<div class=\"elementor-widget-container\">\n\t\t\t\t\t<div  class=\"jeg-elementor-kit jkit-heading  align- align-tablet- align-mobile-center jeg_module___69e0babc577fe\" ><div class=\"heading-section-title  display-inline\"><h2 class=\"heading-title\"><span class=\"style-gradient\"><span>Blog<\/span><\/span><\/h2><\/div><\/div>\t\t\t\t<\/div>\n\t\t\t\t<\/div>\n\t\t\t\t<\/div>\n\t\t<div class=\"elementor-element elementor-element-1a8937d e-con-full e-flex e-con e-child\" data-id=\"1a8937d\" data-element_type=\"container\">\n\t\t\t\t<div class=\"elementor-element elementor-element-01df44a elementor-icon-list--layout-inline elementor-widget__width-auto animated-slow elementor-mobile-align-center elementor-align-right elementor-list-item-link-full_width elementor-invisible elementor-widget elementor-widget-icon-list\" data-id=\"01df44a\" data-element_type=\"widget\" data-settings=\"{&quot;_animation&quot;:&quot;fadeInUp&quot;,&quot;_animation_delay&quot;:300}\" data-widget_type=\"icon-list.default\">\n\t\t\t\t<div class=\"elementor-widget-container\">\n\t\t\t\t\t\t\t<ul class=\"elementor-icon-list-items elementor-inline-items\">\n\t\t\t\t\t\t\t<li class=\"elementor-icon-list-item elementor-inline-item\">\n\t\t\t\t\t\t\t\t\t\t\t<a href=\"https:\/\/lemcenter.com\/en\/\">\n\n\t\t\t\t\t\t\t\t\t\t\t<span class=\"elementor-icon-list-text\">LEM Center<\/span>\n\t\t\t\t\t\t\t\t\t\t\t<\/a>\n\t\t\t\t\t\t\t\t\t<\/li>\n\t\t\t\t\t\t\t\t<li class=\"elementor-icon-list-item elementor-inline-item\">\n\t\t\t\t\t\t\t\t\t\t\t<span class=\"elementor-icon-list-icon\">\n\t\t\t\t\t\t\t<i aria-hidden=\"true\" class=\"jki jki-chevron-right-solid\"><\/i>\t\t\t\t\t\t<\/span>\n\t\t\t\t\t\t\t\t\t\t<span class=\"elementor-icon-list-text\">Blog<\/span>\n\t\t\t\t\t\t\t\t\t<\/li>\n\t\t\t\t\t\t<\/ul>\n\t\t\t\t\t\t<\/div>\n\t\t\t\t<\/div>\n\t\t\t\t<\/div>\n\t\t\t\t\t<\/div>\n\t\t\t\t<\/div>\n\t\t\t\t<\/div>\n\t\t<div class=\"elementor-element elementor-element-6ed03df e-flex e-con-boxed e-con e-parent\" data-id=\"6ed03df\" data-element_type=\"container\" data-settings=\"{&quot;background_background&quot;:&quot;classic&quot;}\">\n\t\t\t\t\t<div class=\"e-con-inner\">\n\t\t\t\t<div class=\"elementor-element elementor-element-3115029 animated-slow elementor-invisible elementor-widget elementor-widget-jkit_post_block\" data-id=\"3115029\" data-element_type=\"widget\" data-settings=\"{&quot;_animation&quot;:&quot;fadeInUp&quot;,&quot;_animation_delay&quot;:400}\" data-widget_type=\"jkit_post_block.default\">\n\t\t\t\t<div class=\"elementor-widget-container\">\n\t\t\t\t\t<div  class=\"jeg-elementor-kit jkit-postblock postblock-type-3 jkit-pagination-loadmore post-element jeg_module__1_69e0babc59b72\"  data-id=\"jeg_module__1_69e0babc59b72\" data-settings=\"{&quot;post_type&quot;:&quot;post&quot;,&quot;number_post&quot;:{&quot;unit&quot;:&quot;px&quot;,&quot;size&quot;:6,&quot;sizes&quot;:[]},&quot;post_offset&quot;:0,&quot;unique_content&quot;:&quot;disable&quot;,&quot;include_post&quot;:&quot;&quot;,&quot;exclude_post&quot;:&quot;&quot;,&quot;include_category&quot;:&quot;&quot;,&quot;exclude_category&quot;:&quot;&quot;,&quot;include_author&quot;:&quot;&quot;,&quot;include_tag&quot;:&quot;&quot;,&quot;exclude_tag&quot;:&quot;&quot;,&quot;sort_by&quot;:&quot;latest&quot;,&quot;pagination_mode&quot;:&quot;loadmore&quot;,&quot;pagination_loadmore_text&quot;:&quot;Load More&quot;,&quot;pagination_loading_text&quot;:&quot;Loading...&quot;,&quot;pagination_number_post&quot;:{&quot;unit&quot;:&quot;px&quot;,&quot;size&quot;:3,&quot;sizes&quot;:[]},&quot;pagination_scroll_limit&quot;:0,&quot;pagination_icon&quot;:{&quot;value&quot;:&quot;&quot;,&quot;library&quot;:&quot;&quot;},&quot;pagination_icon_position&quot;:&quot;before&quot;,&quot;st_category_position&quot;:&quot;left&quot;,&quot;sg_content_postblock_type&quot;:&quot;type-3&quot;,&quot;sg_content_element_order&quot;:&quot;title,meta,excerpt,read&quot;,&quot;sg_content_breakpoint&quot;:&quot;tablet&quot;,&quot;sg_content_title_html_tag&quot;:&quot;h3&quot;,&quot;sg_content_category_enable&quot;:&quot;yes&quot;,&quot;sg_content_excerpt_enable&quot;:&quot;&quot;,&quot;sg_content_excerpt_length&quot;:{&quot;unit&quot;:&quot;px&quot;,&quot;size&quot;:17,&quot;sizes&quot;:[]},&quot;sg_content_excerpt_more&quot;:&quot;...&quot;,&quot;sg_content_readmore_enable&quot;:&quot;yes&quot;,&quot;sg_content_readmore_icon&quot;:{&quot;value&quot;:&quot;&quot;,&quot;library&quot;:&quot;&quot;},&quot;sg_content_readmore_icon_position&quot;:&quot;after&quot;,&quot;sg_content_readmore_text&quot;:&quot;Read More&quot;,&quot;sg_content_comment_enable&quot;:&quot;&quot;,&quot;sg_content_comment_icon&quot;:{&quot;value&quot;:&quot;fas fa-comment&quot;,&quot;library&quot;:&quot;fa-solid&quot;},&quot;sg_content_comment_icon_position&quot;:&quot;before&quot;,&quot;sg_content_meta_enable&quot;:&quot;yes&quot;,&quot;sg_content_meta_author_enable&quot;:&quot;&quot;,&quot;sg_content_meta_author_by_text&quot;:&quot;by&quot;,&quot;sg_content_meta_author_icon&quot;:{&quot;value&quot;:&quot;fas fa-user&quot;,&quot;library&quot;:&quot;fa-solid&quot;},&quot;sg_content_meta_author_icon_position&quot;:&quot;before&quot;,&quot;sg_content_meta_date_enable&quot;:&quot;yes&quot;,&quot;sg_content_meta_date_type&quot;:&quot;published&quot;,&quot;sg_content_meta_date_format&quot;:&quot;default&quot;,&quot;sg_content_meta_date_format_custom&quot;:&quot;F j, Y&quot;,&quot;sg_content_meta_date_icon&quot;:{&quot;value&quot;:&quot;fas fa-clock&quot;,&quot;library&quot;:&quot;fa-solid&quot;},&quot;sg_content_meta_date_icon_position&quot;:&quot;before&quot;,&quot;sg_content_image_size_imagesize_size&quot;:&quot;large&quot;,&quot;lang&quot;:&quot;en&quot;,&quot;paged&quot;:1,&quot;class&quot;:&quot;jkit_post_block&quot;}\"><div class=\"jkit-block-container\"><div class=\"jkit-posts jkit-ajax-flag\">\n            <article class=\"jkit-post post-1107 post type-post status-publish format-standard has-post-thumbnail hentry category-depression tag-depression tag-despondency tag-loneliness tag-sadness\">\n                    <div class=\"jkit-thumb\"><a aria-label=\"Depression: Far Beyond Sadness\" href=\"https:\/\/lemcenter.com\/en\/depression-far-beyond-sadness\/\"><div class=\"thumbnail-container \">\n            <img loading=\"lazy\" decoding=\"async\" width=\"1024\" height=\"683\" src=\"https:\/\/lemcenter.com\/wp-content\/uploads\/2024\/09\/blog-jvb-4-1024x683.jpg\" class=\"attachment-large size-large wp-post-image\" alt=\"\" loading=\"lazy\" srcset=\"https:\/\/lemcenter.com\/wp-content\/uploads\/2024\/09\/blog-jvb-4-1024x683.jpg 1024w, https:\/\/lemcenter.com\/wp-content\/uploads\/2024\/09\/blog-jvb-4-300x200.jpg 300w, https:\/\/lemcenter.com\/wp-content\/uploads\/2024\/09\/blog-jvb-4-768x512.jpg 768w, https:\/\/lemcenter.com\/wp-content\/uploads\/2024\/09\/blog-jvb-4-1536x1024.jpg 1536w, https:\/\/lemcenter.com\/wp-content\/uploads\/2024\/09\/blog-jvb-4.jpg 1920w\" sizes=\"auto, (max-width: 1024px) 100vw, 1024px\" \/>\n        <\/div><\/a><div class=\"jkit-post-category position-left\"><span><a href=\"https:\/\/lemcenter.com\/en\/category\/depression\/\" class=\"category-depression\">Depression<\/a><\/span><\/div><\/div>\n                    <div class=\"jkit-postblock-content\"><h3 class=\"jkit-post-title\">\n\t\t\t\t\t\t\t<a href=\"https:\/\/lemcenter.com\/en\/depression-far-beyond-sadness\/\">Depression: Far Beyond Sadness<\/a>\n\t\t\t\t\t\t<\/h3><div class=\"jkit-post-meta\"><div class=\"jkit-meta-date icon-position-before\"><svg aria-hidden=\"true\" class=\"e-font-icon-svg e-fas-clock\" viewBox=\"0 0 512 512\" xmlns=\"http:\/\/www.w3.org\/2000\/svg\"><path d=\"M256,8C119,8,8,119,8,256S119,504,256,504,504,393,504,256,393,8,256,8Zm92.49,313h0l-20,25a16,16,0,0,1-22.49,2.5h0l-67-49.72a40,40,0,0,1-15-31.23V112a16,16,0,0,1,16-16h32a16,16,0,0,1,16,16V256l58,42.5A16,16,0,0,1,348.49,321Z\"><\/path><\/svg>17\/09\/2024<\/div><\/div><div class=\"jkit-post-meta-bottom\">\n\t\t\t\t\t\t\t<div class=\"jkit-meta-readmore icon-position-after\">\n                <a title=\"Depression: Far Beyond Sadness\" href=\"https:\/\/lemcenter.com\/en\/depression-far-beyond-sadness\/\" class=\"jkit-readmore\">Read More<\/a>\n            <\/div>\n\t\t\t\t\t\t<\/div><\/div>\n                <\/article><article class=\"jkit-post post-1109 post type-post status-publish format-standard has-post-thumbnail hentry category-anxiety\">\n                    <div class=\"jkit-thumb\"><a aria-label=\"Anxiety: When Fear Becomes Constant\" href=\"https:\/\/lemcenter.com\/en\/anxiety-when-fear-becomes-constant\/\"><div class=\"thumbnail-container \">\n            <img loading=\"lazy\" decoding=\"async\" width=\"1024\" height=\"768\" src=\"https:\/\/lemcenter.com\/wp-content\/uploads\/2024\/09\/blog-jvb-3-1024x768.jpg\" class=\"attachment-large size-large wp-post-image\" alt=\"\" loading=\"lazy\" srcset=\"https:\/\/lemcenter.com\/wp-content\/uploads\/2024\/09\/blog-jvb-3-1024x768.jpg 1024w, https:\/\/lemcenter.com\/wp-content\/uploads\/2024\/09\/blog-jvb-3-300x225.jpg 300w, https:\/\/lemcenter.com\/wp-content\/uploads\/2024\/09\/blog-jvb-3-768x576.jpg 768w, https:\/\/lemcenter.com\/wp-content\/uploads\/2024\/09\/blog-jvb-3-1536x1152.jpg 1536w, https:\/\/lemcenter.com\/wp-content\/uploads\/2024\/09\/blog-jvb-3.jpg 2048w\" sizes=\"auto, (max-width: 1024px) 100vw, 1024px\" \/>\n        <\/div><\/a><div class=\"jkit-post-category position-left\"><span><a href=\"https:\/\/lemcenter.com\/en\/category\/anxiety\/\" class=\"category-anxiety\">Anxiety<\/a><\/span><\/div><\/div>\n                    <div class=\"jkit-postblock-content\"><h3 class=\"jkit-post-title\">\n\t\t\t\t\t\t\t<a href=\"https:\/\/lemcenter.com\/en\/anxiety-when-fear-becomes-constant\/\">Anxiety: When Fear Becomes Constant<\/a>\n\t\t\t\t\t\t<\/h3><div class=\"jkit-post-meta\"><div class=\"jkit-meta-date icon-position-before\"><svg aria-hidden=\"true\" class=\"e-font-icon-svg e-fas-clock\" viewBox=\"0 0 512 512\" xmlns=\"http:\/\/www.w3.org\/2000\/svg\"><path d=\"M256,8C119,8,8,119,8,256S119,504,256,504,504,393,504,256,393,8,256,8Zm92.49,313h0l-20,25a16,16,0,0,1-22.49,2.5h0l-67-49.72a40,40,0,0,1-15-31.23V112a16,16,0,0,1,16-16h32a16,16,0,0,1,16,16V256l58,42.5A16,16,0,0,1,348.49,321Z\"><\/path><\/svg>17\/09\/2024<\/div><\/div><div class=\"jkit-post-meta-bottom\">\n\t\t\t\t\t\t\t<div class=\"jkit-meta-readmore icon-position-after\">\n                <a title=\"Anxiety: When Fear Becomes Constant\" href=\"https:\/\/lemcenter.com\/en\/anxiety-when-fear-becomes-constant\/\" class=\"jkit-readmore\">Read More<\/a>\n            <\/div>\n\t\t\t\t\t\t<\/div><\/div>\n                <\/article><article class=\"jkit-post post-1111 post type-post status-publish format-standard has-post-thumbnail hentry category-schizophrenia\">\n                    <div class=\"jkit-thumb\"><a aria-label=\"Schizophrenia: Breaking Stigmas and Understanding Reality\" href=\"https:\/\/lemcenter.com\/en\/schizophrenia-breaking-stigmas-and-understanding-reality\/\"><div class=\"thumbnail-container \">\n            <img loading=\"lazy\" decoding=\"async\" width=\"1024\" height=\"563\" src=\"https:\/\/lemcenter.com\/wp-content\/uploads\/2024\/09\/blog-jvb-2-1024x563.jpg\" class=\"attachment-large size-large wp-post-image\" alt=\"\" loading=\"lazy\" srcset=\"https:\/\/lemcenter.com\/wp-content\/uploads\/2024\/09\/blog-jvb-2-1024x563.jpg 1024w, https:\/\/lemcenter.com\/wp-content\/uploads\/2024\/09\/blog-jvb-2-300x165.jpg 300w, https:\/\/lemcenter.com\/wp-content\/uploads\/2024\/09\/blog-jvb-2-768x422.jpg 768w, https:\/\/lemcenter.com\/wp-content\/uploads\/2024\/09\/blog-jvb-2-1536x845.jpg 1536w, https:\/\/lemcenter.com\/wp-content\/uploads\/2024\/09\/blog-jvb-2.jpg 2000w\" sizes=\"auto, (max-width: 1024px) 100vw, 1024px\" \/>\n        <\/div><\/a><div class=\"jkit-post-category position-left\"><span><a href=\"https:\/\/lemcenter.com\/en\/category\/schizophrenia\/\" class=\"category-schizophrenia\">Schizophrenia<\/a><\/span><\/div><\/div>\n                    <div class=\"jkit-postblock-content\"><h3 class=\"jkit-post-title\">\n\t\t\t\t\t\t\t<a href=\"https:\/\/lemcenter.com\/en\/schizophrenia-breaking-stigmas-and-understanding-reality\/\">Schizophrenia: Breaking Stigmas and Understanding Reality<\/a>\n\t\t\t\t\t\t<\/h3><div class=\"jkit-post-meta\"><div class=\"jkit-meta-date icon-position-before\"><svg aria-hidden=\"true\" class=\"e-font-icon-svg e-fas-clock\" viewBox=\"0 0 512 512\" xmlns=\"http:\/\/www.w3.org\/2000\/svg\"><path d=\"M256,8C119,8,8,119,8,256S119,504,256,504,504,393,504,256,393,8,256,8Zm92.49,313h0l-20,25a16,16,0,0,1-22.49,2.5h0l-67-49.72a40,40,0,0,1-15-31.23V112a16,16,0,0,1,16-16h32a16,16,0,0,1,16,16V256l58,42.5A16,16,0,0,1,348.49,321Z\"><\/path><\/svg>17\/09\/2024<\/div><\/div><div class=\"jkit-post-meta-bottom\">\n\t\t\t\t\t\t\t<div class=\"jkit-meta-readmore icon-position-after\">\n                <a title=\"Schizophrenia: Breaking Stigmas and Understanding Reality\" href=\"https:\/\/lemcenter.com\/en\/schizophrenia-breaking-stigmas-and-understanding-reality\/\" class=\"jkit-readmore\">Read More<\/a>\n            <\/div>\n\t\t\t\t\t\t<\/div><\/div>\n                <\/article><article class=\"jkit-post post-1113 post type-post status-publish format-standard has-post-thumbnail hentry category-bipolar-disorder\">\n                    <div class=\"jkit-thumb\"><a aria-label=\"Bipolar Disorder: Living Between Ups and Downs\" href=\"https:\/\/lemcenter.com\/en\/bipolar-disorder-living-between-ups-and-downs\/\"><div class=\"thumbnail-container \">\n            <img loading=\"lazy\" decoding=\"async\" width=\"1024\" height=\"682\" src=\"https:\/\/lemcenter.com\/wp-content\/uploads\/2024\/09\/blog-jvb-1-1024x682.jpg\" class=\"attachment-large size-large wp-post-image\" alt=\"\" loading=\"lazy\" srcset=\"https:\/\/lemcenter.com\/wp-content\/uploads\/2024\/09\/blog-jvb-1-1024x682.jpg 1024w, https:\/\/lemcenter.com\/wp-content\/uploads\/2024\/09\/blog-jvb-1-300x200.jpg 300w, https:\/\/lemcenter.com\/wp-content\/uploads\/2024\/09\/blog-jvb-1-768x512.jpg 768w, https:\/\/lemcenter.com\/wp-content\/uploads\/2024\/09\/blog-jvb-1.jpg 1100w\" sizes=\"auto, (max-width: 1024px) 100vw, 1024px\" \/>\n        <\/div><\/a><div class=\"jkit-post-category position-left\"><span><a href=\"https:\/\/lemcenter.com\/en\/category\/bipolar-disorder\/\" class=\"category-bipolar-disorder\">Bipolar Disorder<\/a><\/span><\/div><\/div>\n                    <div class=\"jkit-postblock-content\"><h3 class=\"jkit-post-title\">\n\t\t\t\t\t\t\t<a href=\"https:\/\/lemcenter.com\/en\/bipolar-disorder-living-between-ups-and-downs\/\">Bipolar Disorder: Living Between Ups and Downs<\/a>\n\t\t\t\t\t\t<\/h3><div class=\"jkit-post-meta\"><div class=\"jkit-meta-date icon-position-before\"><svg aria-hidden=\"true\" class=\"e-font-icon-svg e-fas-clock\" viewBox=\"0 0 512 512\" xmlns=\"http:\/\/www.w3.org\/2000\/svg\"><path d=\"M256,8C119,8,8,119,8,256S119,504,256,504,504,393,504,256,393,8,256,8Zm92.49,313h0l-20,25a16,16,0,0,1-22.49,2.5h0l-67-49.72a40,40,0,0,1-15-31.23V112a16,16,0,0,1,16-16h32a16,16,0,0,1,16,16V256l58,42.5A16,16,0,0,1,348.49,321Z\"><\/path><\/svg>17\/09\/2024<\/div><\/div><div class=\"jkit-post-meta-bottom\">\n\t\t\t\t\t\t\t<div class=\"jkit-meta-readmore icon-position-after\">\n                <a title=\"Bipolar Disorder: Living Between Ups and Downs\" href=\"https:\/\/lemcenter.com\/en\/bipolar-disorder-living-between-ups-and-downs\/\" class=\"jkit-readmore\">Read More<\/a>\n            <\/div>\n\t\t\t\t\t\t<\/div><\/div>\n                <\/article>\n        <\/div><\/div><\/div>\t\t\t\t<\/div>\n\t\t\t\t<\/div>\n\t\t\t\t\t<\/div>\n\t\t\t\t<\/div>\n\t\t\t\t<\/div>\n\t\t","protected":false},"excerpt":{"rendered":"<p>Blog LEM Center Blog edit post Depress\u00e3o Depress\u00e3o: Muito Al\u00e9m da Tristeza 17\/09\/2024 Read More edit post Ansiedade Ansiedade: Quando o Medo se Torna Constante 17\/09\/2024 Read More edit post Esquizofrenia Esquizofrenia: Quebrando Estigmas e Compreendendo a Realidade 17\/09\/2024 Read More edit post Transtorno Bipolar Transtorno Bipolar: Viver Entre Altos e Baixos 17\/09\/2024 Read More<\/p>\n","protected":false},"author":2,"featured_media":0,"parent":0,"menu_order":0,"comment_status":"closed","ping_status":"closed","template":"elementor_header_footer","meta":{"footnotes":""},"class_list":["post-1105","page","type-page","status-publish"],"_links":{"self":[{"href":"https:\/\/lemcenter.com\/en\/wp-json\/wp\/v2\/pages\/1105","targetHints":{"allow":["GET"]}}],"collection":[{"href":"https:\/\/lemcenter.com\/en\/wp-json\/wp\/v2\/pages"}],"about":[{"href":"https:\/\/lemcenter.com\/en\/wp-json\/wp\/v2\/types\/page"}],"author":[{"embeddable":true,"href":"https:\/\/lemcenter.com\/en\/wp-json\/wp\/v2\/users\/2"}],"replies":[{"embeddable":true,"href":"https:\/\/lemcenter.com\/en\/wp-json\/wp\/v2\/comments?post=1105"}],"version-history":[{"count":10,"href":"https:\/\/lemcenter.com\/en\/wp-json\/wp\/v2\/pages\/1105\/revisions"}],"predecessor-version":[{"id":1327,"href":"https:\/\/lemcenter.com\/en\/wp-json\/wp\/v2\/pages\/1105\/revisions\/1327"}],"wp:attachment":[{"href":"https:\/\/lemcenter.com\/en\/wp-json\/wp\/v2\/media?parent=1105"}],"curies":[{"name":"wp","href":"https:\/\/api.w.org\/{rel}","templated":true}]}}