{"id":1117,"date":"2024-08-26T12:30:43","date_gmt":"2024-08-26T12:30:43","guid":{"rendered":"https:\/\/lemcenter.com\/dr-joao-maria-vilas-boas\/"},"modified":"2025-10-01T14:28:37","modified_gmt":"2025-10-01T14:28:37","slug":"dr-joao-maria-vilas-boas","status":"publish","type":"page","link":"https:\/\/lemcenter.com\/en\/dr-joao-maria-vilas-boas\/","title":{"rendered":"Dr. Jo\u00e3o Maria Vilas Boas"},"content":{"rendered":"\t\t<div data-elementor-type=\"wp-page\" data-elementor-id=\"1117\" class=\"elementor elementor-1117 elementor-97\" data-elementor-post-type=\"page\">\n\t\t\t\t<div class=\"elementor-element elementor-element-0885ecd e-con-full e-flex e-con e-parent\" data-id=\"0885ecd\" data-element_type=\"container\">\n\t\t<div class=\"elementor-element elementor-element-3a65f75 e-flex e-con-boxed e-con e-child\" data-id=\"3a65f75\" data-element_type=\"container\">\n\t\t\t\t\t<div class=\"e-con-inner\">\n\t\t<div class=\"elementor-element elementor-element-84cb696 e-con-full e-flex e-con e-child\" data-id=\"84cb696\" data-element_type=\"container\">\n\t\t\t\t<div class=\"elementor-element elementor-element-2c85bb2 animated-slow elementor-invisible elementor-widget elementor-widget-jkit_heading\" data-id=\"2c85bb2\" data-element_type=\"widget\" data-settings=\"{&quot;_animation&quot;:&quot;fadeInUp&quot;}\" data-widget_type=\"jkit_heading.default\">\n\t\t\t\t<div class=\"elementor-widget-container\">\n\t\t\t\t\t<div  class=\"jeg-elementor-kit jkit-heading  align- align-tablet- align-mobile-center jeg_module___69e3678de242a\" ><div class=\"heading-section-title  display-inline\"><h2 class=\"heading-title\"><span class=\"style-gradient\"><span>Dr. <\/span><\/span>Jo\u00e3o Maria Vilas Boas<\/h2><\/div><\/div>\t\t\t\t<\/div>\n\t\t\t\t<\/div>\n\t\t\t\t<\/div>\n\t\t<div class=\"elementor-element elementor-element-5afc79e e-con-full e-flex e-con e-child\" data-id=\"5afc79e\" data-element_type=\"container\">\n\t\t\t\t<div class=\"elementor-element elementor-element-83b409e elementor-icon-list--layout-inline elementor-widget__width-auto animated-slow elementor-mobile-align-center elementor-align-right elementor-list-item-link-full_width elementor-invisible elementor-widget elementor-widget-icon-list\" data-id=\"83b409e\" data-element_type=\"widget\" data-settings=\"{&quot;_animation&quot;:&quot;fadeInUp&quot;,&quot;_animation_delay&quot;:300}\" data-widget_type=\"icon-list.default\">\n\t\t\t\t<div class=\"elementor-widget-container\">\n\t\t\t\t\t\t\t<ul class=\"elementor-icon-list-items elementor-inline-items\">\n\t\t\t\t\t\t\t<li class=\"elementor-icon-list-item elementor-inline-item\">\n\t\t\t\t\t\t\t\t\t\t\t<a href=\"https:\/\/lemcenter.com\/en\/\">\n\n\t\t\t\t\t\t\t\t\t\t\t<span class=\"elementor-icon-list-text\">LEM Center<\/span>\n\t\t\t\t\t\t\t\t\t\t\t<\/a>\n\t\t\t\t\t\t\t\t\t<\/li>\n\t\t\t\t\t\t\t\t<li class=\"elementor-icon-list-item elementor-inline-item\">\n\t\t\t\t\t\t\t\t\t\t\t<span class=\"elementor-icon-list-icon\">\n\t\t\t\t\t\t\t<i aria-hidden=\"true\" class=\"jki jki-chevron-right-solid\"><\/i>\t\t\t\t\t\t<\/span>\n\t\t\t\t\t\t\t\t\t\t<span class=\"elementor-icon-list-text\">Dr. Jo\u00e3o Maria Vilas Boas<\/span>\n\t\t\t\t\t\t\t\t\t<\/li>\n\t\t\t\t\t\t<\/ul>\n\t\t\t\t\t\t<\/div>\n\t\t\t\t<\/div>\n\t\t\t\t<\/div>\n\t\t\t\t\t<\/div>\n\t\t\t\t<\/div>\n\t\t\t\t<\/div>\n\t\t\t\t<section class=\"elementor-section elementor-top-section elementor-element elementor-element-05c0421 elementor-section-boxed elementor-section-height-default elementor-section-height-default\" data-id=\"05c0421\" data-element_type=\"section\" data-settings=\"{&quot;background_background&quot;:&quot;classic&quot;}\">\n\t\t\t\t\t\t<div class=\"elementor-container elementor-column-gap-no\">\n\t\t\t\t\t<div class=\"elementor-column elementor-col-50 elementor-top-column elementor-element elementor-element-0176411\" data-id=\"0176411\" data-element_type=\"column\">\n\t\t\t<div class=\"elementor-widget-wrap elementor-element-populated\">\n\t\t\t\t\t\t<div class=\"elementor-element elementor-element-0154b8c elementor-widget elementor-widget-heading\" data-id=\"0154b8c\" data-element_type=\"widget\" data-widget_type=\"heading.default\">\n\t\t\t\t<div class=\"elementor-widget-container\">\n\t\t\t\t\t<h3 class=\"elementor-heading-title elementor-size-default\">About Dr. Jo\u00e3o Maria Vilas Boas <\/h3>\t\t\t\t<\/div>\n\t\t\t\t<\/div>\n\t\t\t\t<div class=\"elementor-element elementor-element-f40ec11 elementor-widget elementor-widget-text-editor\" data-id=\"f40ec11\" data-element_type=\"widget\" data-widget_type=\"text-editor.default\">\n\t\t\t\t<div class=\"elementor-widget-container\">\n\t\t\t\t\t\t\t\t\t<p style=\"font-size: 1.2em; font-weight: bold; font-style: italic;\">&#8216;Each one has an internal story, which they cannot read alone. It needs someone who, with wonder and charm in its eyes, reads it and tells it to you&#8217;<\/p><p style=\"font-size: 1.2em; font-weight: bold; font-style: italic; text-align: right;\">&#8211; Pablo Neruda<\/p><p><strong>Audience:<\/strong> Adults<\/p><p><strong>Format:<\/strong> FACE-TO-FACE AND ONLINE<\/p><p><strong>Languages:<\/strong> Portuguese and English<\/p><p>Hello, my name is Jo\u00e3o Maria Vilas Boas, I am a Psychiatrist PhD student in Psychology at ISPA (professional card N\u00ba 63179). I have a deep passion for the workings of the human mind. From a young age, I always wanted to understand the complexities of mental health and how it intertwines with our relationship with the world.<\/p><p>My training in Psychiatry is robust and diverse, covering training in reference institutions, both in Portugal and internationally, which allowed me to develop an integrated view of the mind, which goes beyond simple drug intervention. I believe that each person has a unique story, and my mission is to listen to them with empathy, respect, and tenderness, helping to light the way to their mental well-being. If you are looking for a welcoming space committed to your mental health, I am here to walk by your side. Make an appointment and together we will explore the best ways to overcome your psychic challenges and achieve your best version.<\/p><p><strong>Academic and Professional Career:<\/strong><\/p><ul><li>Integrated Master&#8217;s Degree in Medicine from the University of Porto<\/li><li>Specialist in Psychiatry and Mental Health<\/li><li>PhD student in Psychology at ISPA<\/li><\/ul><p><strong>Why work with me?<\/strong><\/p><p>What I am truly passionate about is helping People to overcome their suffering, unlock their limitations and realize their potential. Basically, to be the best version of themselves! We can only evolve when we increase our self-knowledge.<\/p><p>I learned that it only makes sense for me to work in an area that I am really passionate about. Having said it all, I make myself available to you, with the hope that we will begin to work together on your self-discovery soon. I&#8217;m excited to meet you. Thank you.<\/p>\t\t\t\t\t\t\t\t<\/div>\n\t\t\t\t<\/div>\n\t\t\t\t\t<\/div>\n\t\t<\/div>\n\t\t\t\t<div class=\"elementor-column elementor-col-50 elementor-top-column elementor-element elementor-element-b7f784a jkit-sticky-element--enabled jkit-sticky-element-on--down jkit-sticky-position--sticky\" data-id=\"b7f784a\" data-element_type=\"column\" data-settings=\"{&quot;background_background&quot;:&quot;classic&quot;,&quot;jkit_sticky_device&quot;:[&quot;desktop&quot;,&quot;tablet&quot;,&quot;mobile&quot;],&quot;jkit_sticky_top_position&quot;:{&quot;unit&quot;:&quot;px&quot;,&quot;size&quot;:0,&quot;sizes&quot;:[]}}\">\n\t\t\t<div class=\"elementor-widget-wrap elementor-element-populated\">\n\t\t\t\t\t<div class=\"elementor-background-overlay\"><\/div>\n\t\t\t\t\t\t<section class=\"elementor-section elementor-inner-section elementor-element elementor-element-3ce9d16 animated-slow elementor-section-boxed elementor-section-height-default elementor-section-height-default elementor-invisible\" data-id=\"3ce9d16\" data-element_type=\"section\" data-settings=\"{&quot;background_background&quot;:&quot;classic&quot;,&quot;animation&quot;:&quot;fadeIn&quot;,&quot;animation_delay&quot;:400}\">\n\t\t\t\t\t\t<div class=\"elementor-container elementor-column-gap-no\">\n\t\t\t\t\t<div class=\"elementor-column elementor-col-100 elementor-inner-column elementor-element elementor-element-4e6a4e1\" data-id=\"4e6a4e1\" data-element_type=\"column\">\n\t\t\t<div class=\"elementor-widget-wrap elementor-element-populated\">\n\t\t\t\t\t\t<div class=\"elementor-element elementor-element-7dc0789 elementor-invisible elementor-widget elementor-widget-image\" data-id=\"7dc0789\" data-element_type=\"widget\" data-settings=\"{&quot;_animation&quot;:&quot;fadeInUp&quot;}\" data-widget_type=\"image.default\">\n\t\t\t\t<div class=\"elementor-widget-container\">\n\t\t\t\t\t\t\t\t\t\t\t\t\t\t\t<img fetchpriority=\"high\" decoding=\"async\" width=\"1366\" height=\"2048\" src=\"https:\/\/lemcenter.com\/wp-content\/uploads\/2025\/10\/foto-3.jpg\" class=\"attachment-full size-full wp-image-1640\" alt=\"\" srcset=\"https:\/\/lemcenter.com\/wp-content\/uploads\/2025\/10\/foto-3.jpg 1366w, https:\/\/lemcenter.com\/wp-content\/uploads\/2025\/10\/foto-3-200x300.jpg 200w, https:\/\/lemcenter.com\/wp-content\/uploads\/2025\/10\/foto-3-683x1024.jpg 683w, https:\/\/lemcenter.com\/wp-content\/uploads\/2025\/10\/foto-3-768x1151.jpg 768w, https:\/\/lemcenter.com\/wp-content\/uploads\/2025\/10\/foto-3-1025x1536.jpg 1025w\" sizes=\"(max-width: 1366px) 100vw, 1366px\" \/>\t\t\t\t\t\t\t\t\t\t\t\t\t\t\t<\/div>\n\t\t\t\t<\/div>\n\t\t\t\t<div class=\"elementor-element elementor-element-97ada82 elementor-icon-list--layout-inline elementor-align-center animated-slow elementor-list-item-link-full_width elementor-invisible elementor-widget elementor-widget-icon-list\" data-id=\"97ada82\" data-element_type=\"widget\" data-settings=\"{&quot;_animation&quot;:&quot;fadeIn&quot;,&quot;_animation_delay&quot;:550}\" data-widget_type=\"icon-list.default\">\n\t\t\t\t<div class=\"elementor-widget-container\">\n\t\t\t\t\t\t\t<ul class=\"elementor-icon-list-items elementor-inline-items\">\n\t\t\t\t\t\t\t<li class=\"elementor-icon-list-item elementor-inline-item\">\n\t\t\t\t\t\t\t\t\t\t\t<a href=\"https:\/\/www.instagram.com\/doutorjoaovilasboas\/\">\n\n\t\t\t\t\t\t\t\t\t\t\t\t<span class=\"elementor-icon-list-icon\">\n\t\t\t\t\t\t\t<i aria-hidden=\"true\" class=\"jki jki-instagram\"><\/i>\t\t\t\t\t\t<\/span>\n\t\t\t\t\t\t\t\t\t\t<span class=\"elementor-icon-list-text\"><\/span>\n\t\t\t\t\t\t\t\t\t\t\t<\/a>\n\t\t\t\t\t\t\t\t\t<\/li>\n\t\t\t\t\t\t\t\t<li class=\"elementor-icon-list-item elementor-inline-item\">\n\t\t\t\t\t\t\t\t\t\t\t<a href=\"https:\/\/www.linkedin.com\/in\/joaovasconcelosvillasboas\/\">\n\n\t\t\t\t\t\t\t\t\t\t\t\t<span class=\"elementor-icon-list-icon\">\n\t\t\t\t\t\t\t<i aria-hidden=\"true\" class=\"jki jki-linkedin\"><\/i>\t\t\t\t\t\t<\/span>\n\t\t\t\t\t\t\t\t\t\t<span class=\"elementor-icon-list-text\"><\/span>\n\t\t\t\t\t\t\t\t\t\t\t<\/a>\n\t\t\t\t\t\t\t\t\t<\/li>\n\t\t\t\t\t\t<\/ul>\n\t\t\t\t\t\t<\/div>\n\t\t\t\t<\/div>\n\t\t\t\t\t<\/div>\n\t\t<\/div>\n\t\t\t\t\t<\/div>\n\t\t<\/section>\n\t\t\t\t<div class=\"elementor-element elementor-element-7ff30c0 e-transform animated-slow elementor-invisible elementor-widget elementor-widget-jkit_button\" data-id=\"7ff30c0\" data-element_type=\"widget\" data-settings=\"{&quot;_transform_translateX_effect_hover&quot;:{&quot;unit&quot;:&quot;px&quot;,&quot;size&quot;:5,&quot;sizes&quot;:[]},&quot;_transform_translateY_effect_hover&quot;:{&quot;unit&quot;:&quot;px&quot;,&quot;size&quot;:0,&quot;sizes&quot;:[]},&quot;_animation&quot;:&quot;fadeIn&quot;,&quot;_animation_delay&quot;:600,&quot;_transform_translateX_effect_hover_tablet&quot;:{&quot;unit&quot;:&quot;px&quot;,&quot;size&quot;:&quot;&quot;,&quot;sizes&quot;:[]},&quot;_transform_translateX_effect_hover_mobile&quot;:{&quot;unit&quot;:&quot;px&quot;,&quot;size&quot;:&quot;&quot;,&quot;sizes&quot;:[]},&quot;_transform_translateY_effect_hover_tablet&quot;:{&quot;unit&quot;:&quot;px&quot;,&quot;size&quot;:&quot;&quot;,&quot;sizes&quot;:[]},&quot;_transform_translateY_effect_hover_mobile&quot;:{&quot;unit&quot;:&quot;px&quot;,&quot;size&quot;:&quot;&quot;,&quot;sizes&quot;:[]}}\" data-widget_type=\"jkit_button.default\">\n\t\t\t\t<div class=\"elementor-widget-container\">\n\t\t\t\t\t<div  class=\"jeg-elementor-kit jkit-button  icon-position-before jeg_module__1_69e3678de324d\" ><a href=\"https:\/\/lemcenter.com\/en\/contacts\/\" class=\"jkit-button-wrapper hover-gradient\"><span>Make an Appointment<\/span><\/a><\/div>\t\t\t\t<\/div>\n\t\t\t\t<\/div>\n\t\t\t\t\t<\/div>\n\t\t<\/div>\n\t\t\t\t\t<\/div>\n\t\t<\/section>\n\t\t\t\t<\/div>\n\t\t","protected":false},"excerpt":{"rendered":"<p>Dr. Jo\u00e3o Maria Vilas Boas LEM Center Dr. Jo\u00e3o Maria Vilas Boas About Dr. Jo\u00e3o Maria Vilas Boas &#8216;Each one has an internal story, which they cannot read alone. It needs someone who, with wonder and charm in its eyes, reads it and tells it to you&#8217; &#8211; Pablo Neruda Audience: Adults Format: FACE-TO-FACE AND &#8230; <a title=\"Dr. Jo\u00e3o Maria Vilas Boas\" class=\"read-more\" href=\"https:\/\/lemcenter.com\/en\/dr-joao-maria-vilas-boas\/\" aria-label=\"Read more about Dr. Jo\u00e3o Maria Vilas Boas\">Read more<\/a><\/p>\n","protected":false},"author":2,"featured_media":0,"parent":0,"menu_order":0,"comment_status":"closed","ping_status":"closed","template":"elementor_header_footer","meta":{"footnotes":""},"class_list":["post-1117","page","type-page","status-publish"],"_links":{"self":[{"href":"https:\/\/lemcenter.com\/en\/wp-json\/wp\/v2\/pages\/1117","targetHints":{"allow":["GET"]}}],"collection":[{"href":"https:\/\/lemcenter.com\/en\/wp-json\/wp\/v2\/pages"}],"about":[{"href":"https:\/\/lemcenter.com\/en\/wp-json\/wp\/v2\/types\/page"}],"author":[{"embeddable":true,"href":"https:\/\/lemcenter.com\/en\/wp-json\/wp\/v2\/users\/2"}],"replies":[{"embeddable":true,"href":"https:\/\/lemcenter.com\/en\/wp-json\/wp\/v2\/comments?post=1117"}],"version-history":[{"count":13,"href":"https:\/\/lemcenter.com\/en\/wp-json\/wp\/v2\/pages\/1117\/revisions"}],"predecessor-version":[{"id":1644,"href":"https:\/\/lemcenter.com\/en\/wp-json\/wp\/v2\/pages\/1117\/revisions\/1644"}],"wp:attachment":[{"href":"https:\/\/lemcenter.com\/en\/wp-json\/wp\/v2\/media?parent=1117"}],"curies":[{"name":"wp","href":"https:\/\/api.w.org\/{rel}","templated":true}]}}